{"id":1192,"date":"2016-09-05T20:27:12","date_gmt":"2016-09-05T20:27:12","guid":{"rendered":"http:\/\/demos.famethemes.com\/screenr\/?page_id=21"},"modified":"2023-02-03T20:25:28","modified_gmt":"2023-02-03T20:25:28","slug":"mobile-apps-development","status":"publish","type":"page","link":"https:\/\/qulelounge.com\/?page_id=1192","title":{"rendered":"Hakk\u0131m\u0131zda"},"content":{"rendered":"\n<p>2018 y\u0131l\u0131nda \u0130zmir&#8217;de \u00e7\u0131kt\u0131\u011f\u0131m\u0131z yolda yeni nesille gelenekseli harmanlad\u0131\u011f\u0131m\u0131z konseptimiz size yeni bir konfor alan\u0131 yarat\u0131yor.<br>40&#8217;tan fazla nargile kar\u0131\u015f\u0131m\u0131yla nargile keyfini farkl\u0131 bir boyuta ta\u015f\u0131yoruz. \u0130\u015fin ehli a\u015f\u00e7\u0131lar\u0131m\u0131z pi\u015firdikleri her yemekle d\u00fcnya mutfa\u011f\u0131nda da T\u00fcrk mutfa\u011f\u0131nda da size damak zevkinizi ok\u015fayacak lezzetler sunuyor.<\/p>\n\n\n\n<p>Ruhunuza hitap eden konsepti dama\u011f\u0131n\u0131za hitap eden tatlar\u0131yla Qule Lounge &amp; Cafe yeni konfor alan\u0131n\u0131z\u2026<\/p>\n","protected":false},"excerpt":{"rendered":"<p>2018 y\u0131l\u0131nda \u0130zmir&#8217;de \u00e7\u0131kt\u0131\u011f\u0131m\u0131z yolda yeni nesille gelenekseli harmanlad\u0131\u011f\u0131m\u0131z konseptimiz size yeni bir konfor alan\u0131 yarat\u0131yor.40&#8217;tan fazla nargile kar\u0131\u015f\u0131m\u0131yla nargile keyfini farkl\u0131 bir boyuta ta\u015f\u0131yoruz. \u0130\u015fin ehli a\u015f\u00e7\u0131lar\u0131m\u0131z pi\u015firdikleri her yemekle d\u00fcnya mutfa\u011f\u0131nda da T\u00fcrk mutfa\u011f\u0131nda da size damak zevkinizi ok\u015fayacak lezzetler sunuyor. Ruhunuza hitap eden konsepti dama\u011f\u0131n\u0131za hitap eden&#8230;<\/p>\n","protected":false},"author":2,"featured_media":1227,"parent":0,"menu_order":0,"comment_status":"closed","ping_status":"closed","template":"","meta":[],"_links":{"self":[{"href":"https:\/\/qulelounge.com\/index.php?rest_route=\/wp\/v2\/pages\/1192"}],"collection":[{"href":"https:\/\/qulelounge.com\/index.php?rest_route=\/wp\/v2\/pages"}],"about":[{"href":"https:\/\/qulelounge.com\/index.php?rest_route=\/wp\/v2\/types\/page"}],"author":[{"embeddable":true,"href":"https:\/\/qulelounge.com\/index.php?rest_route=\/wp\/v2\/users\/2"}],"replies":[{"embeddable":true,"href":"https:\/\/qulelounge.com\/index.php?rest_route=%2Fwp%2Fv2%2Fcomments&post=1192"}],"version-history":[{"count":2,"href":"https:\/\/qulelounge.com\/index.php?rest_route=\/wp\/v2\/pages\/1192\/revisions"}],"predecessor-version":[{"id":1228,"href":"https:\/\/qulelounge.com\/index.php?rest_route=\/wp\/v2\/pages\/1192\/revisions\/1228"}],"wp:featuredmedia":[{"embeddable":true,"href":"https:\/\/qulelounge.com\/index.php?rest_route=\/wp\/v2\/media\/1227"}],"wp:attachment":[{"href":"https:\/\/qulelounge.com\/index.php?rest_route=%2Fwp%2Fv2%2Fmedia&parent=1192"}],"curies":[{"name":"wp","href":"https:\/\/api.w.org\/{rel}","templated":true}]}}