{"id":1188,"date":"2016-09-05T20:01:09","date_gmt":"2016-09-05T20:01:09","guid":{"rendered":"http:\/\/demos.famethemes.com\/screenr\/?page_id=15"},"modified":"2023-02-03T20:46:39","modified_gmt":"2023-02-03T20:46:39","slug":"easy-customization","status":"publish","type":"page","link":"https:\/\/qulelounge.com\/?page_id=1188","title":{"rendered":"Hizmetlerimiz"},"content":{"rendered":"\n<h2><\/h2>\n\n\n\n<p class=\"has-medium-font-size\"><strong>Nargile<\/strong><\/p>\n\n\n\n<p>Her damak zevkine hitap eden, 40&#8217;\u0131 a\u015fk\u0131n \u00f6zel t\u00fct\u00fcn kar\u0131\u015f\u0131m\u0131m\u0131z, \u00f6zenle hijyeni sa\u011flanan \u015fi\u015felerimiz ve kaliteli k\u00f6m\u00fcrlerimizle size bamba\u015fka bir nargile deneyimi sunuyoruz.<\/p>\n\n\n\n<p><\/p>\n\n\n\n<p class=\"has-medium-font-size\"><strong>\u015eirket Toplant\u0131lar\u0131<\/strong><\/p>\n\n\n\n<p>\u0130htiyac\u0131n\u0131za y\u00f6nelik \u00f6zel d\u00fczenlemelerimizle size en uygun g\u00f6r\u00fc\u015fme ve toplant\u0131 ortam\u0131n\u0131 haz\u0131rl\u0131yoruz. Size kalan tek \u015fey toplant\u0131n\u0131za odanklanmak\u2026<\/p>\n\n\n\n<p><\/p>\n\n\n\n<p class=\"has-medium-font-size\"><strong>Anadolu Ezgileri<\/strong><\/p>\n\n\n\n<p>Her lokmada Anadolu&#8217;nun bir ba\u015fka diyar\u0131nda oldu\u011funuzu hayal edin. Hayal olarak kalmas\u0131n; mevsiminde toplad\u0131\u011f\u0131m\u0131z meyvelerden, evde yap\u0131lm\u0131\u015f re\u00e7ellerimiz, her \u00e7e\u015fidi kendi y\u00f6resinden olan peynirlerimiz, dal\u0131ndan yeni kopar\u0131lm\u0131\u015f gibi lezzetli zeytinlerimiz, g\u00f6n\u00fcllerince gezen tavuklar\u0131m\u0131z\u0131n yumurtalar\u0131, Rize&#8217;nin \u00e7ay bah\u00e7elerinden toplanm\u0131\u015f en taze \u00e7ay yapraklar\u0131ndan demlenmi\u015f \u00e7ay\u0131m\u0131z ve s\u0131rr\u0131n\u0131 bir tek bizim bildi\u011fimiz \u00f6zel s\u00fct re\u00e7elimizle kahvalt\u0131n\u0131n sonsuza kadar s\u00fcrmesini isteyeceksiniz. Bu ziyafeti ister k\u00f6y g\u00f6zlemesiyle, ister hakiki Trabzon tereya\u011f\u0131 ile yap\u0131lm\u0131\u015f sahanda yumurta ile \u015fahland\u0131rabilirsiniz.<\/p>\n\n\n\n<p><\/p>\n\n\n\n<p class=\"has-medium-font-size\"><strong>D\u00fcnya Mutfa\u011f\u0131<\/strong><\/p>\n\n\n\n<p>Anadolu&#8217;da ba\u015flayan ziyafet turuna \u00f6\u011flen Meksika&#8217;da, ak\u015fam \u0130talya&#8217;da ya da can\u0131n\u0131z nerede isterse orada devam edebilirsiniz. Akl\u0131n\u0131z\u0131 ba\u015f\u0131n\u0131zdan alacak burgerlardan, deniz a\u015f\u0131klar\u0131n\u0131 sevindirecek deniz mahs\u00fcll\u00fc makarnaya, en lezzetli pizza \u00e7e\u015fitlerinden damaklar\u0131n\u0131zda \u015f\u00f6len etkisi yaratacak yenilik\u00e7i T\u00fcrk mutfa\u011f\u0131 yemeklerine, istemeyece\u011finiz kadar \u00e7ok \u00e7e\u015fit mutfa\u011f\u0131m\u0131zda ke\u015ffedilmeyi bekliyor.<\/p>\n\n\n\n<p><\/p>\n\n\n\n<p class=\"has-medium-font-size\"><strong>Do\u011fum G\u00fcn\u00fc ve \u00d6zel Organizasyonlar<\/strong><\/p>\n\n\n\n<p>Sevdiklerinizin en \u00f6zel g\u00fcn\u00fcnde onlar\u0131n yan\u0131nda olman\u0131z kadar, nerede oldu\u011funuz da \u00f6nemli\u2026 Belki bir do\u011fum g\u00fcn\u00fc partisi, belki bir evlilik teklifi, belki de arkada\u015flar\u0131n\u0131zla ge\u00e7irdi\u011finiz y\u0131llar\u0131 kutlamak i\u00e7in planlanm\u0131\u015f \u00f6zel bir g\u00fcn, hi\u00e7 fark etmez. Qule Lounge&amp;Cafe;&#8217;de en \u00f6zel anlar\u0131n\u0131z\u0131 size \u00f6zel atmosferde ge\u00e7irebilirsiniz.<\/p>\n","protected":false},"excerpt":{"rendered":"<p>Themes comes customizer to customize everything you needed, logo, colors, layout, social profiles and much more.<\/p>\n","protected":false},"author":2,"featured_media":0,"parent":0,"menu_order":0,"comment_status":"closed","ping_status":"closed","template":"","meta":[],"_links":{"self":[{"href":"https:\/\/qulelounge.com\/index.php?rest_route=\/wp\/v2\/pages\/1188"}],"collection":[{"href":"https:\/\/qulelounge.com\/index.php?rest_route=\/wp\/v2\/pages"}],"about":[{"href":"https:\/\/qulelounge.com\/index.php?rest_route=\/wp\/v2\/types\/page"}],"author":[{"embeddable":true,"href":"https:\/\/qulelounge.com\/index.php?rest_route=\/wp\/v2\/users\/2"}],"replies":[{"embeddable":true,"href":"https:\/\/qulelounge.com\/index.php?rest_route=%2Fwp%2Fv2%2Fcomments&post=1188"}],"version-history":[{"count":2,"href":"https:\/\/qulelounge.com\/index.php?rest_route=\/wp\/v2\/pages\/1188\/revisions"}],"predecessor-version":[{"id":1235,"href":"https:\/\/qulelounge.com\/index.php?rest_route=\/wp\/v2\/pages\/1188\/revisions\/1235"}],"wp:attachment":[{"href":"https:\/\/qulelounge.com\/index.php?rest_route=%2Fwp%2Fv2%2Fmedia&parent=1188"}],"curies":[{"name":"wp","href":"https:\/\/api.w.org\/{rel}","templated":true}]}}